{"id":17593,"date":"2026-04-28T22:28:36","date_gmt":"2026-04-28T22:28:36","guid":{"rendered":"https:\/\/coyacademia.com\/cursos\/?post_type=product&#038;p=17593"},"modified":"2026-04-28T22:28:36","modified_gmt":"2026-04-28T22:28:36","slug":"asiatica-baos-y-gyozas","status":"publish","type":"product","link":"https:\/\/coyacademia.com\/cursos\/product\/asiatica-baos-y-gyozas\/","title":{"rendered":"ASI\u00c1TICA \/ BAOS Y GYOZAS"},"content":{"rendered":"<p>En est\u00e1 incre\u00edble experiencia disfrutaras de fascinantes sabores asi\u00e1ticos, una jornada gastron\u00f3mica donde los participantes aprender\u00e1n a preparar baos al vapor, gyozas japonesas y una bebida asi\u00e1tica refrescante, desde cero y paso a paso.<\/p>\n","protected":false},"excerpt":{"rendered":"<p>Aprender\u00e1s:<br \/>\n\ud83c\udf7d\ufe0fBaos al vapor<br \/>\n\u2013 Masa desde cero<br \/>\n\u2013 Relleno de pollo crispy estilo asi\u00e1tico<br \/>\n\u2013 Acompa\u00f1amientos: vegetales encurtidos y\/o vegetales frescos<br \/>\n\u2013 Salsas a elegir: sweet chili o mayo Siracha<br \/>\n\ud83c\udf7d\ufe0fGyozas japonesas<br \/>\n\u2013 Relleno de cerdo<br \/>\n\u2013 T\u00e9cnica de doblado<br \/>\n\u2013 Cocci\u00f3n al vapor y frita<br \/>\n\u2013 Salsa tradicional para gyozas<br \/>\nBebida asi\u00e1tica fr\u00eda a base de t\u00e9 verde, lychee, naranja<\/p>\n<p>Incluye:<br \/>\n\u2022\tInsumos para su elaboraci\u00f3n<br \/>\n\u2022\tRecetario en formato pdf<br \/>\n\u2022\tDelantal++<br \/>\n\u2022\tAcceso a comunidad de WhatsApp<br \/>\n\u2022\tDegustaci\u00f3n final<\/p>\n<p>\ud83d\udc50Modalidad: Presencial 100% Pr\u00e1ctico<\/p>\n","protected":false},"featured_media":17280,"template":"","meta":[],"product_brand":[],"product_cat":[113],"product_tag":[],"class_list":{"0":"post-17593","1":"product","2":"type-product","3":"status-publish","4":"has-post-thumbnail","6":"product_cat-productos-de-sal","8":"first","9":"instock","10":"shipping-taxable","11":"purchasable","12":"product-type-simple"},"_links":{"self":[{"href":"https:\/\/coyacademia.com\/cursos\/wp-json\/wp\/v2\/product\/17593","targetHints":{"allow":["GET"]}}],"collection":[{"href":"https:\/\/coyacademia.com\/cursos\/wp-json\/wp\/v2\/product"}],"about":[{"href":"https:\/\/coyacademia.com\/cursos\/wp-json\/wp\/v2\/types\/product"}],"version-history":[{"count":1,"href":"https:\/\/coyacademia.com\/cursos\/wp-json\/wp\/v2\/product\/17593\/revisions"}],"predecessor-version":[{"id":17594,"href":"https:\/\/coyacademia.com\/cursos\/wp-json\/wp\/v2\/product\/17593\/revisions\/17594"}],"wp:featuredmedia":[{"embeddable":true,"href":"https:\/\/coyacademia.com\/cursos\/wp-json\/wp\/v2\/media\/17280"}],"wp:attachment":[{"href":"https:\/\/coyacademia.com\/cursos\/wp-json\/wp\/v2\/media?parent=17593"}],"wp:term":[{"taxonomy":"product_brand","embeddable":true,"href":"https:\/\/coyacademia.com\/cursos\/wp-json\/wp\/v2\/product_brand?post=17593"},{"taxonomy":"product_cat","embeddable":true,"href":"https:\/\/coyacademia.com\/cursos\/wp-json\/wp\/v2\/product_cat?post=17593"},{"taxonomy":"product_tag","embeddable":true,"href":"https:\/\/coyacademia.com\/cursos\/wp-json\/wp\/v2\/product_tag?post=17593"}],"curies":[{"name":"wp","href":"https:\/\/api.w.org\/{rel}","templated":true}]}}