{"id":17533,"date":"2026-04-28T00:23:43","date_gmt":"2026-04-28T00:23:43","guid":{"rendered":"https:\/\/coyacademia.com\/cursos\/?post_type=product&#038;p=17533"},"modified":"2026-04-28T22:50:08","modified_gmt":"2026-04-28T22:50:08","slug":"abc-de-la-bomboneria-curso-online","status":"publish","type":"product","link":"https:\/\/coyacademia.com\/cursos\/product\/abc-de-la-bomboneria-curso-online\/","title":{"rendered":"ABC DE LA BOMBONER\u00cdA (CURSO ONLINE)"},"content":{"rendered":"<p>M\u00f3dulo 1<br \/>\nEl chocolate<\/p>\n<p>M\u00f3dulo 2<br \/>\nAtemperado \/ curva de templado<\/p>\n<p>M\u00f3dulo 3<br \/>\nLos moldes<\/p>\n<p>M\u00f3dulo 4<br \/>\nPinturas y dise\u00f1os<\/p>\n<p>M\u00f3dulo 5<br \/>\nEncoquillado<\/p>\n<p>M\u00f3dulo 6<br \/>\nRellenos estables<\/p>\n<p>M\u00f3dulo 7<br \/>\nSellado \/ m\u00e9todos de sellado<\/p>\n<p>M\u00f3dulo 8<br \/>\nBombones especiales<\/p>\n<p>M\u00f3dulo 9<br \/>\nTrufas<\/p>\n<p>M\u00f3dulo 10<br \/>\nTabletas<\/p>\n","protected":false},"excerpt":{"rendered":"<h4>Este curso se adquiere \u00fanicamente a trav\u00e9s del bot\u00f3n de compra color anaranjado ubicado en la parte inferior de esta p\u00e1gina.<\/h4>\n<p>&nbsp;<\/p>\n<p><strong>\u00a1Aprende a elaborar <\/strong><strong>bombones<\/strong><strong> de chocolate como todo un <\/strong><strong>profesional<\/strong><strong>!<\/strong><\/p>\n<p>\u00a1Bienvenid@ a nuestro curso ABC de la Bomboner\u00eda: CESDE CERO! Si siempre has so\u00f1ado con aprender a elaborar bombones de chocolate art\u00edsticos como un verdadero profesional, este curso es para ti. En ABC de la Bomboner\u00eda te llevaremos paso a paso desde lo m\u00e1s b\u00e1sico hasta las t\u00e9cnicas avanzadas de la bomboner\u00eda fina, para que puedas dominar el arte de crear bombones exquisitos, con texturas y sabores incre\u00edbles.<\/p>\n<p>No necesitas experiencia previa. Comenzaremos con lo fundamental y, poco a poco, avanzaremos hasta lograr bombones de calidad profesional.<\/p>\n<style>\n.boton-hotmart {\n    display:inline-flex;\n    align-items:center;\n    justify-content:center;\n    padding:12px 22px;\n    background-color:#ff6600;\n    color:#fff;\n    text-decoration:none;\n    border-radius:10px;\n    font-weight:bold;\n    transition: all 0.3s ease;\n    line-height:1; \/* importante *\/\n}\n.boton-hotmart:hover {\n    background-color:#e65c00;\n    transform: scale(1.05);\n}\n<\/style>\n<p><a href=\"https:\/\/goo.su\/YSPiC06\" target=\"_blank\" rel=\"noopener noreferrer\" class=\"boton-hotmart\"><br \/>\n    Comprar ahora<br \/>\n<\/a><\/p>\n","protected":false},"featured_media":17390,"template":"","meta":[],"product_brand":[],"product_cat":[111],"product_tag":[],"class_list":{"0":"post-17533","1":"product","2":"type-product","3":"status-publish","4":"has-post-thumbnail","6":"product_cat-digitales","8":"first","9":"instock","10":"shipping-taxable","11":"product-type-simple"},"_links":{"self":[{"href":"https:\/\/coyacademia.com\/cursos\/wp-json\/wp\/v2\/product\/17533","targetHints":{"allow":["GET"]}}],"collection":[{"href":"https:\/\/coyacademia.com\/cursos\/wp-json\/wp\/v2\/product"}],"about":[{"href":"https:\/\/coyacademia.com\/cursos\/wp-json\/wp\/v2\/types\/product"}],"version-history":[{"count":10,"href":"https:\/\/coyacademia.com\/cursos\/wp-json\/wp\/v2\/product\/17533\/revisions"}],"predecessor-version":[{"id":17606,"href":"https:\/\/coyacademia.com\/cursos\/wp-json\/wp\/v2\/product\/17533\/revisions\/17606"}],"wp:featuredmedia":[{"embeddable":true,"href":"https:\/\/coyacademia.com\/cursos\/wp-json\/wp\/v2\/media\/17390"}],"wp:attachment":[{"href":"https:\/\/coyacademia.com\/cursos\/wp-json\/wp\/v2\/media?parent=17533"}],"wp:term":[{"taxonomy":"product_brand","embeddable":true,"href":"https:\/\/coyacademia.com\/cursos\/wp-json\/wp\/v2\/product_brand?post=17533"},{"taxonomy":"product_cat","embeddable":true,"href":"https:\/\/coyacademia.com\/cursos\/wp-json\/wp\/v2\/product_cat?post=17533"},{"taxonomy":"product_tag","embeddable":true,"href":"https:\/\/coyacademia.com\/cursos\/wp-json\/wp\/v2\/product_tag?post=17533"}],"curies":[{"name":"wp","href":"https:\/\/api.w.org\/{rel}","templated":true}]}}