{"id":17507,"date":"2026-04-27T23:42:14","date_gmt":"2026-04-27T23:42:14","guid":{"rendered":"https:\/\/coyacademia.com\/cursos\/?post_type=product&#038;p=17507"},"modified":"2026-04-28T22:33:22","modified_gmt":"2026-04-28T22:33:22","slug":"cinnamons-rolls","status":"publish","type":"product","link":"https:\/\/coyacademia.com\/cursos\/product\/cinnamons-rolls\/","title":{"rendered":"CINNAMONS ROLLS"},"content":{"rendered":"<p><strong>Contenido:<\/strong><\/p>\n<ul>\n<li>Introducci\u00f3n<\/li>\n<li>Elaboraci\u00f3n de masa base<\/li>\n<li>Elaboraci\u00f3n de rellenos<\/li>\n<li>Formado<\/li>\n<li>Horneado<\/li>\n<li>Montaje y decoraci\u00f3n<\/li>\n<\/ul>\n<p>&nbsp;<\/p>\n<p>\ud83d\udd16Incluye:<\/p>\n<p>-Insumos<\/p>\n<p>-Cada alumno realiza sus productos aproximadamente<\/p>\n<p>-Guia de t\u00e9cnicas y recetas *PDF*<\/p>\n<p>-Delantal y cofia<\/p>\n<p>-Certificado de participaci\u00f3n<\/p>\n<p>-Al finalizar el alumno se lleva productos a casa<\/p>\n<p>&#8211; Acceso a la comunidad exclusiva de WhatsApp<\/p>\n<p>&nbsp;<\/p>\n<p>\ud83d\udc4b\ud83c\udffcModalidad: Presencial 100% pr\u00e1ctico<\/p>\n","protected":false},"excerpt":{"rendered":"<p>Bienvenido al fascinante mundo de los rollos de canela y sus variedades, un postre que ha conquistado paladares en todo el mundo gracias a su versatilidad y composici\u00f3n, volvi\u00e9ndose un cl\u00e1sico de la pasteler\u00eda.<\/p>\n<p>&nbsp;<\/p>\n<p>En este taller aprender\u00e1s a elaborar tres tipos de rollos diferentes, iniciando con el cl\u00e1sico e imperdible rollo de canela acompa\u00f1ado con frosting de queso crema, seguido de estos fascinantes rollos de chocolate y nuez bastante arom\u00e1tico. Y por \u00faltimo un rollo c\u00edtrico con un cremoso de lim\u00f3n.<\/p>\n","protected":false},"featured_media":17193,"template":"","meta":[],"product_brand":[],"product_cat":[103,105],"product_tag":[],"class_list":{"0":"post-17507","1":"product","2":"type-product","3":"status-publish","4":"has-post-thumbnail","6":"product_cat-cursos-de-pasteleria","7":"product_cat-talleres","9":"first","10":"instock","11":"shipping-taxable","12":"purchasable","13":"product-type-simple"},"_links":{"self":[{"href":"https:\/\/coyacademia.com\/cursos\/wp-json\/wp\/v2\/product\/17507","targetHints":{"allow":["GET"]}}],"collection":[{"href":"https:\/\/coyacademia.com\/cursos\/wp-json\/wp\/v2\/product"}],"about":[{"href":"https:\/\/coyacademia.com\/cursos\/wp-json\/wp\/v2\/types\/product"}],"version-history":[{"count":1,"href":"https:\/\/coyacademia.com\/cursos\/wp-json\/wp\/v2\/product\/17507\/revisions"}],"predecessor-version":[{"id":17508,"href":"https:\/\/coyacademia.com\/cursos\/wp-json\/wp\/v2\/product\/17507\/revisions\/17508"}],"wp:featuredmedia":[{"embeddable":true,"href":"https:\/\/coyacademia.com\/cursos\/wp-json\/wp\/v2\/media\/17193"}],"wp:attachment":[{"href":"https:\/\/coyacademia.com\/cursos\/wp-json\/wp\/v2\/media?parent=17507"}],"wp:term":[{"taxonomy":"product_brand","embeddable":true,"href":"https:\/\/coyacademia.com\/cursos\/wp-json\/wp\/v2\/product_brand?post=17507"},{"taxonomy":"product_cat","embeddable":true,"href":"https:\/\/coyacademia.com\/cursos\/wp-json\/wp\/v2\/product_cat?post=17507"},{"taxonomy":"product_tag","embeddable":true,"href":"https:\/\/coyacademia.com\/cursos\/wp-json\/wp\/v2\/product_tag?post=17507"}],"curies":[{"name":"wp","href":"https:\/\/api.w.org\/{rel}","templated":true}]}}