{"id":17503,"date":"2026-04-27T23:40:03","date_gmt":"2026-04-27T23:40:03","guid":{"rendered":"https:\/\/coyacademia.com\/cursos\/?post_type=product&#038;p=17503"},"modified":"2026-04-27T23:40:03","modified_gmt":"2026-04-27T23:40:03","slug":"croissant","status":"publish","type":"product","link":"https:\/\/coyacademia.com\/cursos\/product\/croissant\/","title":{"rendered":"CROISSANT"},"content":{"rendered":"<p><strong>Contenido:<\/strong><\/p>\n<ul>\n<li>Composici\u00f3n y estructura de una masa laminada<\/li>\n<li>T\u00e9cnicas de amasado y encamisado de la mantequilla<\/li>\n<li>Plegados, reposos y control de temperatura<\/li>\n<li>Fermentaci\u00f3n, horneado y acabado profesional<\/li>\n<\/ul>\n<p>&nbsp;<\/p>\n<p><strong>Aprender\u00e1s:<\/strong><\/p>\n<ul>\n<li>Croissant cl\u00e1sico de mantequilla<\/li>\n<li>Croissant bicolor<\/li>\n<li>Pain au chocolat<\/li>\n<li>Danesas<\/li>\n<\/ul>\n<p>&nbsp;<\/p>\n<p>\ud83d\udd16Incluye:<\/p>\n<p>-Insumos<\/p>\n<p>-Cada alumno realiza sus productos aproximadamente<\/p>\n<p>-Guia de t\u00e9cnicas y recetas *PDF*<\/p>\n<p>-Delantal y cofia<\/p>\n<p>-Certificado de participaci\u00f3n<\/p>\n<p>-Al finalizar el alumno se lleva productos a casa<\/p>\n<p>&#8211; Acceso a la comunidad exclusiva de WhatsApp<\/p>\n<p>&nbsp;<\/p>\n<p>\ud83d\udc4b\ud83c\udffc Modalidad: Presencial<\/p>\n","protected":false},"excerpt":{"rendered":"<p>Vive una jornada 100% pr\u00e1ctica donde aprender\u00e1s desde cero el arte de elaborar croissants con t\u00e9cnica profesional. Domina el proceso de laminado, fermentaci\u00f3n y horneado para lograr un hojaldre perfecto: crujiente por fuera, tierno por dentro y lleno de sabor.<\/p>\n<p>En un solo d\u00eda descubrir\u00e1s los secretos para crear piezas de panader\u00eda francesa con acabado de vitrina, ideales para vender o disfrutar en casa.<\/p>\n","protected":false},"featured_media":17199,"template":"","meta":[],"product_brand":[],"product_cat":[103,105],"product_tag":[],"class_list":{"0":"post-17503","1":"product","2":"type-product","3":"status-publish","4":"has-post-thumbnail","6":"product_cat-cursos-de-pasteleria","7":"product_cat-talleres","9":"first","10":"instock","11":"shipping-taxable","12":"purchasable","13":"product-type-simple"},"_links":{"self":[{"href":"https:\/\/coyacademia.com\/cursos\/wp-json\/wp\/v2\/product\/17503","targetHints":{"allow":["GET"]}}],"collection":[{"href":"https:\/\/coyacademia.com\/cursos\/wp-json\/wp\/v2\/product"}],"about":[{"href":"https:\/\/coyacademia.com\/cursos\/wp-json\/wp\/v2\/types\/product"}],"version-history":[{"count":1,"href":"https:\/\/coyacademia.com\/cursos\/wp-json\/wp\/v2\/product\/17503\/revisions"}],"predecessor-version":[{"id":17504,"href":"https:\/\/coyacademia.com\/cursos\/wp-json\/wp\/v2\/product\/17503\/revisions\/17504"}],"wp:featuredmedia":[{"embeddable":true,"href":"https:\/\/coyacademia.com\/cursos\/wp-json\/wp\/v2\/media\/17199"}],"wp:attachment":[{"href":"https:\/\/coyacademia.com\/cursos\/wp-json\/wp\/v2\/media?parent=17503"}],"wp:term":[{"taxonomy":"product_brand","embeddable":true,"href":"https:\/\/coyacademia.com\/cursos\/wp-json\/wp\/v2\/product_brand?post=17503"},{"taxonomy":"product_cat","embeddable":true,"href":"https:\/\/coyacademia.com\/cursos\/wp-json\/wp\/v2\/product_cat?post=17503"},{"taxonomy":"product_tag","embeddable":true,"href":"https:\/\/coyacademia.com\/cursos\/wp-json\/wp\/v2\/product_tag?post=17503"}],"curies":[{"name":"wp","href":"https:\/\/api.w.org\/{rel}","templated":true}]}}