{"id":17501,"date":"2026-04-27T23:38:37","date_gmt":"2026-04-27T23:38:37","guid":{"rendered":"https:\/\/coyacademia.com\/cursos\/?post_type=product&#038;p=17501"},"modified":"2026-04-27T23:38:37","modified_gmt":"2026-04-27T23:38:37","slug":"galleteria-decorativa","status":"publish","type":"product","link":"https:\/\/coyacademia.com\/cursos\/product\/galleteria-decorativa\/","title":{"rendered":"GALLETERIA DECORATIVA"},"content":{"rendered":"<p><strong>Contenido:<\/strong><\/p>\n<ul>\n<li>Preparaci\u00f3n de la masa<\/li>\n<li>Horneo de galleta<\/li>\n<li>Preparaci\u00f3n y manejo del glaseado real<\/li>\n<li>T\u00e9cnica de delineado<\/li>\n<li>T\u00e9cnica de alto relieve \/ stencil<\/li>\n<li>Decoraci\u00f3n con fondant<\/li>\n<li>Estampados mixtos<\/li>\n<\/ul>\n<p>&nbsp;<\/p>\n<p>\ud83d\udd16Incluye:<\/p>\n<p>-Insumos<\/p>\n<p>-Cada alumno realiza sus productos aproximadamente<\/p>\n<p>-Guia de t\u00e9cnicas y recetas *PDF*<\/p>\n<p>-Delantal y cofia<\/p>\n<p>-Certificado de participaci\u00f3n<\/p>\n<p>-Al finalizar el alumno se lleva productos a casa<\/p>\n<p>&#8211; Acceso a la comunidad exclusiva de WhatsApp<\/p>\n<p>&nbsp;<\/p>\n<p>\ud83d\udc4b\ud83c\udffcModalidad: Presencial 100% pr\u00e1ctico<\/p>\n","protected":false},"excerpt":{"rendered":"<p>Con este taller pr\u00e1ctico aprende a elaborar galletas tem\u00e1ticas decoradas con t\u00e9cnicas en glaseado real y fondant para la creaci\u00f3n de dise\u00f1os \u00fanicos.\u00a0 De inicio a fin aprende a crear estas fascinantes galletas con due\u00f1os tem\u00e1ticos.<\/p>\n","protected":false},"featured_media":17217,"template":"","meta":[],"product_brand":[],"product_cat":[103,105],"product_tag":[],"class_list":{"0":"post-17501","1":"product","2":"type-product","3":"status-publish","4":"has-post-thumbnail","6":"product_cat-cursos-de-pasteleria","7":"product_cat-talleres","9":"first","10":"instock","11":"shipping-taxable","12":"purchasable","13":"product-type-simple"},"_links":{"self":[{"href":"https:\/\/coyacademia.com\/cursos\/wp-json\/wp\/v2\/product\/17501","targetHints":{"allow":["GET"]}}],"collection":[{"href":"https:\/\/coyacademia.com\/cursos\/wp-json\/wp\/v2\/product"}],"about":[{"href":"https:\/\/coyacademia.com\/cursos\/wp-json\/wp\/v2\/types\/product"}],"version-history":[{"count":1,"href":"https:\/\/coyacademia.com\/cursos\/wp-json\/wp\/v2\/product\/17501\/revisions"}],"predecessor-version":[{"id":17502,"href":"https:\/\/coyacademia.com\/cursos\/wp-json\/wp\/v2\/product\/17501\/revisions\/17502"}],"wp:featuredmedia":[{"embeddable":true,"href":"https:\/\/coyacademia.com\/cursos\/wp-json\/wp\/v2\/media\/17217"}],"wp:attachment":[{"href":"https:\/\/coyacademia.com\/cursos\/wp-json\/wp\/v2\/media?parent=17501"}],"wp:term":[{"taxonomy":"product_brand","embeddable":true,"href":"https:\/\/coyacademia.com\/cursos\/wp-json\/wp\/v2\/product_brand?post=17501"},{"taxonomy":"product_cat","embeddable":true,"href":"https:\/\/coyacademia.com\/cursos\/wp-json\/wp\/v2\/product_cat?post=17501"},{"taxonomy":"product_tag","embeddable":true,"href":"https:\/\/coyacademia.com\/cursos\/wp-json\/wp\/v2\/product_tag?post=17501"}],"curies":[{"name":"wp","href":"https:\/\/api.w.org\/{rel}","templated":true}]}}