{"id":17494,"date":"2026-04-27T23:33:30","date_gmt":"2026-04-27T23:33:30","guid":{"rendered":"https:\/\/coyacademia.com\/cursos\/?post_type=product&#038;p=17494"},"modified":"2026-04-29T22:02:18","modified_gmt":"2026-04-29T22:02:18","slug":"pasteleria-infantil","status":"publish","type":"product","link":"https:\/\/coyacademia.com\/cursos\/product\/pasteleria-infantil\/","title":{"rendered":"PASTELERIA INFANTIL"},"content":{"rendered":"<p>DIA 1<\/p>\n<ul>\n<li>Cheese cake fr\u00edo con confitura<\/li>\n<li>Galletas Ojonas<\/li>\n<li>Mini brownies<\/li>\n<\/ul>\n<p>&nbsp;<\/p>\n<p>DIA 2<\/p>\n<ul>\n<li>Muffins<\/li>\n<li>Galletas de chips<\/li>\n<li>Verrines de frutos amarillos<\/li>\n<\/ul>\n<p>&nbsp;<\/p>\n<p>\ud83d\udd16Incluye:<\/p>\n<p>-Insumos<\/p>\n<p>-Cada alumno realiza sus productos aproximadamente<\/p>\n<p>-Guia de t\u00e9cnicas y recetas *PDF*<\/p>\n<p>-Delantal y cofia<\/p>\n<p>-Certificado de participaci\u00f3n<\/p>\n<p>-Al finalizar el alumno se lleva productos a casa<\/p>\n<p>&nbsp;<\/p>\n<p>-Acceso a la comunidad exclusiva de WhatsApp<\/p>\n<p>&nbsp;<\/p>\n<p>\ud83d\udc4b\ud83c\udffcModalidad: Presencial pr\u00e1ctico % practico<\/p>\n","protected":false},"excerpt":{"rendered":"<p>Jornada llena de diversi\u00f3n d\u00f3nde t\u00fa hijo disfrutar\u00e1 y aprender\u00e1 a preparar diversos productos de forma pr\u00e1ctica con sus propias manos. \ud83d\ude4c<\/p>\n","protected":false},"featured_media":17615,"template":"","meta":[],"product_brand":[],"product_cat":[103,105],"product_tag":[],"class_list":{"0":"post-17494","1":"product","2":"type-product","3":"status-publish","4":"has-post-thumbnail","6":"product_cat-cursos-de-pasteleria","7":"product_cat-talleres","9":"first","10":"instock","11":"downloadable","12":"shipping-taxable","13":"purchasable","14":"product-type-simple"},"_links":{"self":[{"href":"https:\/\/coyacademia.com\/cursos\/wp-json\/wp\/v2\/product\/17494","targetHints":{"allow":["GET"]}}],"collection":[{"href":"https:\/\/coyacademia.com\/cursos\/wp-json\/wp\/v2\/product"}],"about":[{"href":"https:\/\/coyacademia.com\/cursos\/wp-json\/wp\/v2\/types\/product"}],"version-history":[{"count":1,"href":"https:\/\/coyacademia.com\/cursos\/wp-json\/wp\/v2\/product\/17494\/revisions"}],"predecessor-version":[{"id":17495,"href":"https:\/\/coyacademia.com\/cursos\/wp-json\/wp\/v2\/product\/17494\/revisions\/17495"}],"wp:featuredmedia":[{"embeddable":true,"href":"https:\/\/coyacademia.com\/cursos\/wp-json\/wp\/v2\/media\/17615"}],"wp:attachment":[{"href":"https:\/\/coyacademia.com\/cursos\/wp-json\/wp\/v2\/media?parent=17494"}],"wp:term":[{"taxonomy":"product_brand","embeddable":true,"href":"https:\/\/coyacademia.com\/cursos\/wp-json\/wp\/v2\/product_brand?post=17494"},{"taxonomy":"product_cat","embeddable":true,"href":"https:\/\/coyacademia.com\/cursos\/wp-json\/wp\/v2\/product_cat?post=17494"},{"taxonomy":"product_tag","embeddable":true,"href":"https:\/\/coyacademia.com\/cursos\/wp-json\/wp\/v2\/product_tag?post=17494"}],"curies":[{"name":"wp","href":"https:\/\/api.w.org\/{rel}","templated":true}]}}