{"id":17492,"date":"2026-04-27T23:32:34","date_gmt":"2026-04-27T23:32:34","guid":{"rendered":"https:\/\/coyacademia.com\/cursos\/?post_type=product&#038;p=17492"},"modified":"2026-04-27T23:32:34","modified_gmt":"2026-04-27T23:32:34","slug":"macarons","status":"publish","type":"product","link":"https:\/\/coyacademia.com\/cursos\/product\/macarons\/","title":{"rendered":"MACARONS"},"content":{"rendered":"<p><strong>Contenido:<\/strong><\/p>\n<ul>\n<li>Introducci\u00f3n<\/li>\n<li>t\u00e9cnicas de elaboraci\u00f3n<\/li>\n<li>Bases:<\/li>\n<\/ul>\n<p>merengue suizo-merengue franc\u00e9s-merengue italiano<\/p>\n<ul>\n<li>Uso de pigmentos<\/li>\n<li>Elaboraci\u00f3n de rellenos estables<\/li>\n<li>Armado de macarons y exhibici\u00f3n.<\/li>\n<\/ul>\n<p>&nbsp;<\/p>\n<p>\ud83d\udd16Incluye:<\/p>\n<p>-Insumos<\/p>\n<p>-Cada alumno realiza sus productos aproximadamente<\/p>\n<p>-Guia de t\u00e9cnicas y recetas *PDF*<\/p>\n<p>-Delantal y cofia<\/p>\n<p>-Certificado de participaci\u00f3n<\/p>\n<p>-Al finalizar el alumno se lleva productos a casa<\/p>\n<p>&nbsp;<\/p>\n<p>-Acceso a la comunidad exclusiva de WhatsApp<\/p>\n<p>&nbsp;<\/p>\n<p>\ud83d\udc4b\ud83c\udffcModalidad: presencial pr\u00e1ctico<\/p>\n","protected":false},"excerpt":{"rendered":"<p>A trav\u00e9s de este taller pr\u00e1ctico sum\u00e9rgete en el fascinante mundo de los macarons, la galleta m\u00e1s famosa de origen franc\u00e9s; explorando los diversos m\u00e9todos de elaboraci\u00f3n y sus combinaciones de sabores fascinantes para lograr un acabado impecable con texturas delicadas.<\/p>\n","protected":false},"featured_media":17238,"template":"","meta":[],"product_brand":[],"product_cat":[103,105],"product_tag":[],"class_list":{"0":"post-17492","1":"product","2":"type-product","3":"status-publish","4":"has-post-thumbnail","6":"product_cat-cursos-de-pasteleria","7":"product_cat-talleres","9":"first","10":"instock","11":"shipping-taxable","12":"purchasable","13":"product-type-simple"},"_links":{"self":[{"href":"https:\/\/coyacademia.com\/cursos\/wp-json\/wp\/v2\/product\/17492","targetHints":{"allow":["GET"]}}],"collection":[{"href":"https:\/\/coyacademia.com\/cursos\/wp-json\/wp\/v2\/product"}],"about":[{"href":"https:\/\/coyacademia.com\/cursos\/wp-json\/wp\/v2\/types\/product"}],"version-history":[{"count":1,"href":"https:\/\/coyacademia.com\/cursos\/wp-json\/wp\/v2\/product\/17492\/revisions"}],"predecessor-version":[{"id":17493,"href":"https:\/\/coyacademia.com\/cursos\/wp-json\/wp\/v2\/product\/17492\/revisions\/17493"}],"wp:featuredmedia":[{"embeddable":true,"href":"https:\/\/coyacademia.com\/cursos\/wp-json\/wp\/v2\/media\/17238"}],"wp:attachment":[{"href":"https:\/\/coyacademia.com\/cursos\/wp-json\/wp\/v2\/media?parent=17492"}],"wp:term":[{"taxonomy":"product_brand","embeddable":true,"href":"https:\/\/coyacademia.com\/cursos\/wp-json\/wp\/v2\/product_brand?post=17492"},{"taxonomy":"product_cat","embeddable":true,"href":"https:\/\/coyacademia.com\/cursos\/wp-json\/wp\/v2\/product_cat?post=17492"},{"taxonomy":"product_tag","embeddable":true,"href":"https:\/\/coyacademia.com\/cursos\/wp-json\/wp\/v2\/product_tag?post=17492"}],"curies":[{"name":"wp","href":"https:\/\/api.w.org\/{rel}","templated":true}]}}