{"id":17487,"date":"2026-04-27T23:29:49","date_gmt":"2026-04-27T23:29:49","guid":{"rendered":"https:\/\/coyacademia.com\/cursos\/?post_type=product&#038;p=17487"},"modified":"2026-05-05T21:52:48","modified_gmt":"2026-05-05T21:52:48","slug":"pasta-choux","status":"publish","type":"product","link":"https:\/\/coyacademia.com\/cursos\/product\/pasta-choux\/","title":{"rendered":"PASTA CHOUX"},"content":{"rendered":"<p><strong>Contenido:<\/strong><\/p>\n<ul>\n<li>Introducci\u00f3n<\/li>\n<li>Rellenos<\/li>\n<li>Elaboraci\u00f3n pasta choux<\/li>\n<li>Profiteroles<\/li>\n<li>Paris Brest<\/li>\n<li>Eclairs<\/li>\n<li>Rellenos<\/li>\n<li>Montaje<\/li>\n<\/ul>\n<p>&nbsp;<\/p>\n<p>\ud83d\udd16Incluye:<\/p>\n<p>-Insumos<\/p>\n<p>-Cada alumno realiza sus productos aproximadamente<\/p>\n<p>-Guia de t\u00e9cnicas y recetas *PDF*<\/p>\n<p>-Delantal y cofia<\/p>\n<p>-Certificado de participaci\u00f3n<\/p>\n<p>-Al finalizar el alumno se lleva productos a casa<\/p>\n<p>&nbsp;<\/p>\n<p>-Acceso a la comunidad exclusiva de WhatsApp<\/p>\n<p>&nbsp;<\/p>\n<p>\ud83d\udc4b\ud83c\udffcModalidad: Presencial 100% pr\u00e1ctico<\/p>\n","protected":false},"excerpt":{"rendered":"<p>La pasta choux y sus derivados, donde aprender\u00e1s a dominar una de las masas m\u00e1s vers\u00e1tiles y cl\u00e1sicas de la reposter\u00eda francesa. Desde la elaboraci\u00f3n b\u00e1sica de la pasta choux hasta su transformaci\u00f3n en deliciosos productos como eclairs, profiteroles y Par\u00eds Brest, este curso te brindar\u00e1 las t\u00e9cnicas esenciales para lograr texturas perfectas y resultados profesionales.<\/p>\n","protected":false},"featured_media":17253,"template":"","meta":[],"product_brand":[],"product_cat":[103,105],"product_tag":[],"class_list":{"0":"post-17487","1":"product","2":"type-product","3":"status-publish","4":"has-post-thumbnail","6":"product_cat-cursos-de-pasteleria","7":"product_cat-talleres","9":"first","10":"instock","11":"shipping-taxable","12":"purchasable","13":"product-type-simple"},"_links":{"self":[{"href":"https:\/\/coyacademia.com\/cursos\/wp-json\/wp\/v2\/product\/17487","targetHints":{"allow":["GET"]}}],"collection":[{"href":"https:\/\/coyacademia.com\/cursos\/wp-json\/wp\/v2\/product"}],"about":[{"href":"https:\/\/coyacademia.com\/cursos\/wp-json\/wp\/v2\/types\/product"}],"version-history":[{"count":1,"href":"https:\/\/coyacademia.com\/cursos\/wp-json\/wp\/v2\/product\/17487\/revisions"}],"predecessor-version":[{"id":17488,"href":"https:\/\/coyacademia.com\/cursos\/wp-json\/wp\/v2\/product\/17487\/revisions\/17488"}],"wp:featuredmedia":[{"embeddable":true,"href":"https:\/\/coyacademia.com\/cursos\/wp-json\/wp\/v2\/media\/17253"}],"wp:attachment":[{"href":"https:\/\/coyacademia.com\/cursos\/wp-json\/wp\/v2\/media?parent=17487"}],"wp:term":[{"taxonomy":"product_brand","embeddable":true,"href":"https:\/\/coyacademia.com\/cursos\/wp-json\/wp\/v2\/product_brand?post=17487"},{"taxonomy":"product_cat","embeddable":true,"href":"https:\/\/coyacademia.com\/cursos\/wp-json\/wp\/v2\/product_cat?post=17487"},{"taxonomy":"product_tag","embeddable":true,"href":"https:\/\/coyacademia.com\/cursos\/wp-json\/wp\/v2\/product_tag?post=17487"}],"curies":[{"name":"wp","href":"https:\/\/api.w.org\/{rel}","templated":true}]}}