{"id":17458,"date":"2026-04-27T22:14:10","date_gmt":"2026-04-27T22:14:10","guid":{"rendered":"https:\/\/coyacademia.com\/cursos\/?post_type=product&#038;p=17458"},"modified":"2026-04-27T23:25:49","modified_gmt":"2026-04-27T23:25:49","slug":"tartaletas-y-pays","status":"publish","type":"product","link":"https:\/\/coyacademia.com\/cursos\/product\/tartaletas-y-pays\/","title":{"rendered":"TARTALETAS Y PAYS"},"content":{"rendered":"<p><strong>Contenido:<\/strong><\/p>\n<ul>\n<li>Elaboraci\u00f3n de masas de galleta:<\/li>\n<\/ul>\n<p>Sucr\u00e9 y sabl\u00e9<\/p>\n<ul>\n<li>Corte y Formado<\/li>\n<li>Rellenos:<\/li>\n<\/ul>\n<p>Lemon curd<\/p>\n<p>Confitura<\/p>\n<p>Ganache<\/p>\n<ul>\n<li>Horneo y decoraciones modernas<\/li>\n<\/ul>\n<p>Tartaleta de fruta<\/p>\n<p>Tartaleta de chocolate<\/p>\n<p>Pay tradicional<\/p>\n<p>&nbsp;<\/p>\n<p>\ud83d\udd16Incluye:<\/p>\n<p>-Insumos<\/p>\n<p>-Cada alumno realiza sus productos aproximadamente<\/p>\n<p>-Guia de t\u00e9cnicas y recetas *PDF*<\/p>\n<p>-Delantal y cofia<\/p>\n<p>-Certificado de participaci\u00f3n<\/p>\n<p>-Al finalizar el alumno se lleva productos a casa<\/p>\n<p>&nbsp;<\/p>\n<p>&#8211; Acceso a la comunidad exclusiva de WhatsApp<\/p>\n<p>&nbsp;<\/p>\n<p>\ud83d\udc4b\ud83c\udffc Modalidad: Presencial 100% pr\u00e1ctico<\/p>\n","protected":false},"excerpt":{"rendered":"<p>Descubre el arte de las tartas en este taller pr\u00e1ctico, donde aprender\u00e1s a dominar masas base, rellenos y horneados para lograr texturas perfectas y sabores equilibrados. Desde bases crujientes hasta rellenos cremosos o frutales, desarrollar\u00e1s t\u00e9cnicas clave para crear piezas elegantes, vers\u00e1tiles y con un acabado profesional.<\/p>\n","protected":false},"featured_media":17274,"template":"","meta":[],"product_brand":[],"product_cat":[103,105],"product_tag":[],"class_list":{"0":"post-17458","1":"product","2":"type-product","3":"status-publish","4":"has-post-thumbnail","6":"product_cat-cursos-de-pasteleria","7":"product_cat-talleres","9":"first","10":"instock","11":"shipping-taxable","12":"purchasable","13":"product-type-simple"},"_links":{"self":[{"href":"https:\/\/coyacademia.com\/cursos\/wp-json\/wp\/v2\/product\/17458","targetHints":{"allow":["GET"]}}],"collection":[{"href":"https:\/\/coyacademia.com\/cursos\/wp-json\/wp\/v2\/product"}],"about":[{"href":"https:\/\/coyacademia.com\/cursos\/wp-json\/wp\/v2\/types\/product"}],"version-history":[{"count":2,"href":"https:\/\/coyacademia.com\/cursos\/wp-json\/wp\/v2\/product\/17458\/revisions"}],"predecessor-version":[{"id":17481,"href":"https:\/\/coyacademia.com\/cursos\/wp-json\/wp\/v2\/product\/17458\/revisions\/17481"}],"wp:featuredmedia":[{"embeddable":true,"href":"https:\/\/coyacademia.com\/cursos\/wp-json\/wp\/v2\/media\/17274"}],"wp:attachment":[{"href":"https:\/\/coyacademia.com\/cursos\/wp-json\/wp\/v2\/media?parent=17458"}],"wp:term":[{"taxonomy":"product_brand","embeddable":true,"href":"https:\/\/coyacademia.com\/cursos\/wp-json\/wp\/v2\/product_brand?post=17458"},{"taxonomy":"product_cat","embeddable":true,"href":"https:\/\/coyacademia.com\/cursos\/wp-json\/wp\/v2\/product_cat?post=17458"},{"taxonomy":"product_tag","embeddable":true,"href":"https:\/\/coyacademia.com\/cursos\/wp-json\/wp\/v2\/product_tag?post=17458"}],"curies":[{"name":"wp","href":"https:\/\/api.w.org\/{rel}","templated":true}]}}