{"id":17456,"date":"2026-04-27T22:12:39","date_gmt":"2026-04-27T22:12:39","guid":{"rendered":"https:\/\/coyacademia.com\/cursos\/?post_type=product&#038;p=17456"},"modified":"2026-04-27T23:25:03","modified_gmt":"2026-04-27T23:25:03","slug":"tortas","status":"publish","type":"product","link":"https:\/\/coyacademia.com\/cursos\/product\/tortas\/","title":{"rendered":"TORTAS"},"content":{"rendered":"<p><strong>Contenido:<\/strong><\/p>\n<ul>\n<li>Composici\u00f3n y m\u00e9todo de los tipos de batido (livianos y pesados)<\/li>\n<li>Elaboraci\u00f3n de masas<\/li>\n<li>Torta de red velvet<\/li>\n<li>Torta de moka<\/li>\n<li>Torta de pi\u00f1a y coco<\/li>\n<\/ul>\n<p>&nbsp;<\/p>\n<p>Elaboraci\u00f3n de DRIP CAKE<\/p>\n<ul>\n<li>Crema de queso (frosting)<\/li>\n<li>Ganache de caf\u00e9<\/li>\n<li>Crema de caramelo<\/li>\n<\/ul>\n<p>&nbsp;<\/p>\n<p>\ud83d\udd16Incluye:<\/p>\n<p>-Insumos<\/p>\n<p>-Cada alumno realiza sus productos aproximadamente<\/p>\n<p>-Guia de t\u00e9cnicas y recetas *PDF*<\/p>\n<p>-Delantal y cofia<\/p>\n<p>-Certificado de participaci\u00f3n<\/p>\n<p>-Al finalizar el alumno se lleva productos a casa<\/p>\n<p>&nbsp;<\/p>\n<p>&#8211; Acceso a la comunidad exclusiva de WhatsApp<\/p>\n<p>&nbsp;<\/p>\n<p>\ud83d\udc4b\ud83c\udffc Modalidad: Presencial 100% Pr\u00e1ctico<\/p>\n","protected":false},"excerpt":{"rendered":"<p>Aprender a elaborar tortas es una habilidad esencial en pasteler\u00eda, ya sea para emprender, mejorar t\u00e9cnicas o sorprender con creaciones \u00fanicas. Este taller te ense\u00f1ar\u00e1 desde las bases hasta t\u00e9cnicas principales para lograr tortas bien estructuradas, con sabores equilibrados y decoraciones pr\u00e1cticas.<\/p>\n","protected":false},"featured_media":17277,"template":"","meta":[],"product_brand":[],"product_cat":[103,105],"product_tag":[],"class_list":{"0":"post-17456","1":"product","2":"type-product","3":"status-publish","4":"has-post-thumbnail","6":"product_cat-cursos-de-pasteleria","7":"product_cat-talleres","9":"first","10":"instock","11":"shipping-taxable","12":"purchasable","13":"product-type-simple"},"_links":{"self":[{"href":"https:\/\/coyacademia.com\/cursos\/wp-json\/wp\/v2\/product\/17456","targetHints":{"allow":["GET"]}}],"collection":[{"href":"https:\/\/coyacademia.com\/cursos\/wp-json\/wp\/v2\/product"}],"about":[{"href":"https:\/\/coyacademia.com\/cursos\/wp-json\/wp\/v2\/types\/product"}],"version-history":[{"count":2,"href":"https:\/\/coyacademia.com\/cursos\/wp-json\/wp\/v2\/product\/17456\/revisions"}],"predecessor-version":[{"id":17480,"href":"https:\/\/coyacademia.com\/cursos\/wp-json\/wp\/v2\/product\/17456\/revisions\/17480"}],"wp:featuredmedia":[{"embeddable":true,"href":"https:\/\/coyacademia.com\/cursos\/wp-json\/wp\/v2\/media\/17277"}],"wp:attachment":[{"href":"https:\/\/coyacademia.com\/cursos\/wp-json\/wp\/v2\/media?parent=17456"}],"wp:term":[{"taxonomy":"product_brand","embeddable":true,"href":"https:\/\/coyacademia.com\/cursos\/wp-json\/wp\/v2\/product_brand?post=17456"},{"taxonomy":"product_cat","embeddable":true,"href":"https:\/\/coyacademia.com\/cursos\/wp-json\/wp\/v2\/product_cat?post=17456"},{"taxonomy":"product_tag","embeddable":true,"href":"https:\/\/coyacademia.com\/cursos\/wp-json\/wp\/v2\/product_tag?post=17456"}],"curies":[{"name":"wp","href":"https:\/\/api.w.org\/{rel}","templated":true}]}}