{"id":17454,"date":"2026-04-27T22:11:39","date_gmt":"2026-04-27T22:11:39","guid":{"rendered":"https:\/\/coyacademia.com\/cursos\/?post_type=product&#038;p=17454"},"modified":"2026-04-27T23:24:16","modified_gmt":"2026-04-27T23:24:16","slug":"bombones-de-chocolate","status":"publish","type":"product","link":"https:\/\/coyacademia.com\/cursos\/product\/bombones-de-chocolate\/","title":{"rendered":"BOMBONES DE CHOCOLATE"},"content":{"rendered":"<p><strong>Contenido:<\/strong><\/p>\n<ul>\n<li>Introducci\u00f3n del chocolate y bombones de molde<\/li>\n<li>Degustaci\u00f3n de chocolates y variedades<\/li>\n<li>Usos y cuidados de moldes en policarbonato<\/li>\n<li>T\u00e9cnicas de decoraci\u00f3n de moldes, uso de pinturas para chocolater\u00eda.<\/li>\n<li>Elaboraci\u00f3n de rellenos<\/li>\n<li>Atemperado o templado de chocolate<\/li>\n<li>Elaboraci\u00f3n de diversos bombones<\/li>\n<\/ul>\n<p>&nbsp;<\/p>\n<p>\ud83d\udd16Incluye:<\/p>\n<p>-Insumos<\/p>\n<p>-Cada alumno realiza sus productos aproximadamente<\/p>\n<p>-Guia de t\u00e9cnicas y recetas *PDF*<\/p>\n<p>-Delantal y cofia<\/p>\n<p>-Certificado de participaci\u00f3n<\/p>\n<p>-Al finalizar el alumno se lleva productos a casa<\/p>\n<p>&#8211; Acceso a la comunidad exclusiva de WhatsApp<\/p>\n<p>&nbsp;<\/p>\n<p>\ud83d\udc4b\ud83c\udffcModalidad: presencial pr\u00e1ctico<\/p>\n","protected":false},"excerpt":{"rendered":"<p>\u00bfQuieres dominar el chocolate para abrir un abanico de posibilidades creativas y comerciales?<\/p>\n<p>Desde la selecci\u00f3n del tipo de chocolate, pasando por el desarrollo de rellenos perfectamente balanceados que combinan de forma fascinante, hasta las t\u00e9cnicas de temperado y moldeado. Con esto destacar\u00e1n los productos que este curso te brindar\u00e1 a trav\u00e9s del conocimiento del chocolate.<\/p>\n","protected":false},"featured_media":17330,"template":"","meta":[],"product_brand":[],"product_cat":[103,105],"product_tag":[],"class_list":{"0":"post-17454","1":"product","2":"type-product","3":"status-publish","4":"has-post-thumbnail","6":"product_cat-cursos-de-pasteleria","7":"product_cat-talleres","9":"first","10":"instock","11":"shipping-taxable","12":"purchasable","13":"product-type-simple"},"_links":{"self":[{"href":"https:\/\/coyacademia.com\/cursos\/wp-json\/wp\/v2\/product\/17454","targetHints":{"allow":["GET"]}}],"collection":[{"href":"https:\/\/coyacademia.com\/cursos\/wp-json\/wp\/v2\/product"}],"about":[{"href":"https:\/\/coyacademia.com\/cursos\/wp-json\/wp\/v2\/types\/product"}],"version-history":[{"count":2,"href":"https:\/\/coyacademia.com\/cursos\/wp-json\/wp\/v2\/product\/17454\/revisions"}],"predecessor-version":[{"id":17479,"href":"https:\/\/coyacademia.com\/cursos\/wp-json\/wp\/v2\/product\/17454\/revisions\/17479"}],"wp:featuredmedia":[{"embeddable":true,"href":"https:\/\/coyacademia.com\/cursos\/wp-json\/wp\/v2\/media\/17330"}],"wp:attachment":[{"href":"https:\/\/coyacademia.com\/cursos\/wp-json\/wp\/v2\/media?parent=17454"}],"wp:term":[{"taxonomy":"product_brand","embeddable":true,"href":"https:\/\/coyacademia.com\/cursos\/wp-json\/wp\/v2\/product_brand?post=17454"},{"taxonomy":"product_cat","embeddable":true,"href":"https:\/\/coyacademia.com\/cursos\/wp-json\/wp\/v2\/product_cat?post=17454"},{"taxonomy":"product_tag","embeddable":true,"href":"https:\/\/coyacademia.com\/cursos\/wp-json\/wp\/v2\/product_tag?post=17454"}],"curies":[{"name":"wp","href":"https:\/\/api.w.org\/{rel}","templated":true}]}}