{"id":17448,"date":"2026-04-27T22:07:11","date_gmt":"2026-04-27T22:07:11","guid":{"rendered":"https:\/\/coyacademia.com\/cursos\/?post_type=product&#038;p=17448"},"modified":"2026-04-27T23:22:05","modified_gmt":"2026-04-27T23:22:05","slug":"tallado-en-torta","status":"publish","type":"product","link":"https:\/\/coyacademia.com\/cursos\/product\/tallado-en-torta\/","title":{"rendered":"TALLADO EN TORTA"},"content":{"rendered":"<p><strong>Contenido:<\/strong><\/p>\n<p>-Corte y tallado de la masa<\/p>\n<p>-Recubrimiento en ganache<\/p>\n<p>-Manejo de fondant y modelado<\/p>\n<p>-Texturizado y tonalidades<\/p>\n<p>&nbsp;<\/p>\n<p>\ud83d\udd16Incluye:<\/p>\n<p>-Insumos<\/p>\n<p>-Cada alumno realiza sus productos aproximadamente<\/p>\n<p>-Guia de t\u00e9cnicas y recetas *PDF*<\/p>\n<p>-Delantal y cofia<\/p>\n<p>-Certificado de participaci\u00f3n<\/p>\n<p>-Al finalizar el alumno se lleva productos a casa<\/p>\n<p>&nbsp;<\/p>\n<p>&#8211; Acceso a la comunidad exclusiva de WhatsApp<\/p>\n<p>&nbsp;<\/p>\n<p>\ud83d\udc4b\ud83c\udffc Modalidad: Presencial 100% pr\u00e1ctico<\/p>\n","protected":false},"excerpt":{"rendered":"<p>En este fascinante curso aprender\u00e1s a desarrollar habilidades para esculpir tortas inspiradas en personajes, logrando acabados excepcionales que aportar\u00e1n texturas y realismo a cada uno de tus proyectos. Te adentrar\u00e1s en t\u00e9cnicas de tallado, recubrimiento con ganache, as\u00ed como en el manejo del fondant para modelar, texturizar y pintar de manera profesional.<\/p>\n","protected":false},"featured_media":17271,"template":"","meta":[],"product_brand":[],"product_cat":[103,105],"product_tag":[],"class_list":{"0":"post-17448","1":"product","2":"type-product","3":"status-publish","4":"has-post-thumbnail","6":"product_cat-cursos-de-pasteleria","7":"product_cat-talleres","9":"first","10":"instock","11":"shipping-taxable","12":"purchasable","13":"product-type-simple"},"_links":{"self":[{"href":"https:\/\/coyacademia.com\/cursos\/wp-json\/wp\/v2\/product\/17448","targetHints":{"allow":["GET"]}}],"collection":[{"href":"https:\/\/coyacademia.com\/cursos\/wp-json\/wp\/v2\/product"}],"about":[{"href":"https:\/\/coyacademia.com\/cursos\/wp-json\/wp\/v2\/types\/product"}],"version-history":[{"count":2,"href":"https:\/\/coyacademia.com\/cursos\/wp-json\/wp\/v2\/product\/17448\/revisions"}],"predecessor-version":[{"id":17476,"href":"https:\/\/coyacademia.com\/cursos\/wp-json\/wp\/v2\/product\/17448\/revisions\/17476"}],"wp:featuredmedia":[{"embeddable":true,"href":"https:\/\/coyacademia.com\/cursos\/wp-json\/wp\/v2\/media\/17271"}],"wp:attachment":[{"href":"https:\/\/coyacademia.com\/cursos\/wp-json\/wp\/v2\/media?parent=17448"}],"wp:term":[{"taxonomy":"product_brand","embeddable":true,"href":"https:\/\/coyacademia.com\/cursos\/wp-json\/wp\/v2\/product_brand?post=17448"},{"taxonomy":"product_cat","embeddable":true,"href":"https:\/\/coyacademia.com\/cursos\/wp-json\/wp\/v2\/product_cat?post=17448"},{"taxonomy":"product_tag","embeddable":true,"href":"https:\/\/coyacademia.com\/cursos\/wp-json\/wp\/v2\/product_tag?post=17448"}],"curies":[{"name":"wp","href":"https:\/\/api.w.org\/{rel}","templated":true}]}}