{"id":17444,"date":"2026-04-27T22:05:56","date_gmt":"2026-04-27T22:05:56","guid":{"rendered":"https:\/\/coyacademia.com\/cursos\/?post_type=product&#038;p=17444"},"modified":"2026-04-27T23:20:21","modified_gmt":"2026-04-27T23:20:21","slug":"cupcakes","status":"publish","type":"product","link":"https:\/\/coyacademia.com\/cursos\/product\/cupcakes\/","title":{"rendered":"CUPCAKES"},"content":{"rendered":"<p><strong>Contenido: <\/strong><\/p>\n<ul>\n<li>Elaboraci\u00f3n de masas (chocolate, naranja y amapola)<\/li>\n<li>Decoraci\u00f3n en crema<\/li>\n<li>Manejo de manga y boquilla<\/li>\n<li>Decoraci\u00f3n en Fondant<\/li>\n<\/ul>\n<p>&nbsp;<\/p>\n<p>\ud83d\udd16Incluye:<\/p>\n<p>-Insumos<\/p>\n<p>-Cada alumno realiza sus productos aproximadamente<\/p>\n<p>-Guia de t\u00e9cnicas y recetas *PDF*<\/p>\n<p>-Delantal y cofia<\/p>\n<p>-Certificado de participaci\u00f3n<\/p>\n<p>-Al finalizar el alumno se lleva productos a casa<\/p>\n<p>&#8211; Acceso a la comunidad exclusiva de WhatsApp<\/p>\n<p>&nbsp;<\/p>\n<p>\ud83d\udc4b\ud83c\udffcModalidad: Presencial 100% pr\u00e1ctico<\/p>\n","protected":false},"excerpt":{"rendered":"<p>Con este grandioso taller pr\u00e1ctico aprender\u00e1s dos m\u00e9todos de elaboraci\u00f3n de cupcakes diferentes tanto en t\u00e9cnica como en sabor. A trav\u00e9s de una metodolog\u00eda \u00fanica podr\u00e1s desarrollar productos \u00fanicos en sabor, suaves y esponjosos.\u00a0 tambi\u00e9n aprender\u00e1s la formas m\u00e1s t\u00e9cnica y fascinante de decorarlos.<\/p>\n","protected":false},"featured_media":17339,"template":"","meta":[],"product_brand":[],"product_cat":[103,105],"product_tag":[],"class_list":{"0":"post-17444","1":"product","2":"type-product","3":"status-publish","4":"has-post-thumbnail","6":"product_cat-cursos-de-pasteleria","7":"product_cat-talleres","9":"first","10":"instock","11":"shipping-taxable","12":"purchasable","13":"product-type-simple"},"_links":{"self":[{"href":"https:\/\/coyacademia.com\/cursos\/wp-json\/wp\/v2\/product\/17444","targetHints":{"allow":["GET"]}}],"collection":[{"href":"https:\/\/coyacademia.com\/cursos\/wp-json\/wp\/v2\/product"}],"about":[{"href":"https:\/\/coyacademia.com\/cursos\/wp-json\/wp\/v2\/types\/product"}],"version-history":[{"count":2,"href":"https:\/\/coyacademia.com\/cursos\/wp-json\/wp\/v2\/product\/17444\/revisions"}],"predecessor-version":[{"id":17474,"href":"https:\/\/coyacademia.com\/cursos\/wp-json\/wp\/v2\/product\/17444\/revisions\/17474"}],"wp:featuredmedia":[{"embeddable":true,"href":"https:\/\/coyacademia.com\/cursos\/wp-json\/wp\/v2\/media\/17339"}],"wp:attachment":[{"href":"https:\/\/coyacademia.com\/cursos\/wp-json\/wp\/v2\/media?parent=17444"}],"wp:term":[{"taxonomy":"product_brand","embeddable":true,"href":"https:\/\/coyacademia.com\/cursos\/wp-json\/wp\/v2\/product_brand?post=17444"},{"taxonomy":"product_cat","embeddable":true,"href":"https:\/\/coyacademia.com\/cursos\/wp-json\/wp\/v2\/product_cat?post=17444"},{"taxonomy":"product_tag","embeddable":true,"href":"https:\/\/coyacademia.com\/cursos\/wp-json\/wp\/v2\/product_tag?post=17444"}],"curies":[{"name":"wp","href":"https:\/\/api.w.org\/{rel}","templated":true}]}}