{"id":17442,"date":"2026-04-27T22:04:33","date_gmt":"2026-04-27T22:04:33","guid":{"rendered":"https:\/\/coyacademia.com\/cursos\/?post_type=product&#038;p=17442"},"modified":"2026-04-27T23:19:39","modified_gmt":"2026-04-27T23:19:39","slug":"galleteria-artesanal","status":"publish","type":"product","link":"https:\/\/coyacademia.com\/cursos\/product\/galleteria-artesanal\/","title":{"rendered":"GALLETERIA ARTESANAL"},"content":{"rendered":"<p>\ud835\udc6a\ud835\udc76\ud835\udc75\ud835\udc7b\ud835\udc6c\ud835\udc75\ud835\udc70\ud835\udc6b\ud835\udc76:<\/p>\n<p>-Galletas de mantequilla<\/p>\n<p>-Alfajores<\/p>\n<p>-Galletas chips de chocolate<\/p>\n<p>-Galletas ajedrez<\/p>\n<p>&nbsp;<\/p>\n<p>&nbsp;<\/p>\n<p>\ud83d\udd16Incluye:<\/p>\n<p>-Insumos<\/p>\n<p>-Cada alumno realiza sus productos aproximadamente<\/p>\n<p>-Guia de t\u00e9cnicas y recetas *PDF*<\/p>\n<p>-Delantal y cofia<\/p>\n<p>-Certificado de participaci\u00f3n<\/p>\n<p>-Al finalizar el alumno se lleva productos a casa<\/p>\n<p>&#8211; Acceso a la comunidad exclusiva de WhatsApp<\/p>\n<p>&nbsp;<\/p>\n<p>\ud83d\udc4b\ud83c\udffcModalidad: Presencial 100% pr\u00e1ctico<\/p>\n","protected":false},"excerpt":{"rendered":"<p>Sum\u00e9rgete en el mundo de la galleter\u00eda artesanal en este taller pr\u00e1ctico, donde aprender\u00e1s a crear galletas desde cero con t\u00e9cnicas que garantizan sabor, textura y car\u00e1cter en cada pieza. Descubre el equilibrio perfecto entre ingredientes, m\u00e9todos de mezclado y horneado, logrando resultados crujientes, suaves, con un acabado profesional y un enfoque creativo que har\u00e1 destacar tus preparaciones.<\/p>\n","protected":false},"featured_media":17341,"template":"","meta":[],"product_brand":[],"product_cat":[103,105],"product_tag":[],"class_list":{"0":"post-17442","1":"product","2":"type-product","3":"status-publish","4":"has-post-thumbnail","6":"product_cat-cursos-de-pasteleria","7":"product_cat-talleres","9":"first","10":"instock","11":"shipping-taxable","12":"purchasable","13":"product-type-simple"},"_links":{"self":[{"href":"https:\/\/coyacademia.com\/cursos\/wp-json\/wp\/v2\/product\/17442","targetHints":{"allow":["GET"]}}],"collection":[{"href":"https:\/\/coyacademia.com\/cursos\/wp-json\/wp\/v2\/product"}],"about":[{"href":"https:\/\/coyacademia.com\/cursos\/wp-json\/wp\/v2\/types\/product"}],"version-history":[{"count":2,"href":"https:\/\/coyacademia.com\/cursos\/wp-json\/wp\/v2\/product\/17442\/revisions"}],"predecessor-version":[{"id":17473,"href":"https:\/\/coyacademia.com\/cursos\/wp-json\/wp\/v2\/product\/17442\/revisions\/17473"}],"wp:featuredmedia":[{"embeddable":true,"href":"https:\/\/coyacademia.com\/cursos\/wp-json\/wp\/v2\/media\/17341"}],"wp:attachment":[{"href":"https:\/\/coyacademia.com\/cursos\/wp-json\/wp\/v2\/media?parent=17442"}],"wp:term":[{"taxonomy":"product_brand","embeddable":true,"href":"https:\/\/coyacademia.com\/cursos\/wp-json\/wp\/v2\/product_brand?post=17442"},{"taxonomy":"product_cat","embeddable":true,"href":"https:\/\/coyacademia.com\/cursos\/wp-json\/wp\/v2\/product_cat?post=17442"},{"taxonomy":"product_tag","embeddable":true,"href":"https:\/\/coyacademia.com\/cursos\/wp-json\/wp\/v2\/product_tag?post=17442"}],"curies":[{"name":"wp","href":"https:\/\/api.w.org\/{rel}","templated":true}]}}