{"id":17440,"date":"2026-04-27T22:03:00","date_gmt":"2026-04-27T22:03:00","guid":{"rendered":"https:\/\/coyacademia.com\/cursos\/?post_type=product&#038;p=17440"},"modified":"2026-04-27T23:18:55","modified_gmt":"2026-04-27T23:18:55","slug":"fondant","status":"publish","type":"product","link":"https:\/\/coyacademia.com\/cursos\/product\/fondant\/","title":{"rendered":"FONDANT"},"content":{"rendered":"<p><strong>Contenido:<\/strong><\/p>\n<ul>\n<li>Elaboraci\u00f3n de fondant<\/li>\n<li>Aplicaci\u00f3n de ganache<\/li>\n<li>Manejo y forrado con fondant sobre dos tortas (montaje de dos pisos)<\/li>\n<li>Tinturado<\/li>\n<li>T\u00e9cnica de craquelado en frio<\/li>\n<li>Texturizado manual<\/li>\n<li>Flor b\u00e1sica<\/li>\n<\/ul>\n<p>&nbsp;<\/p>\n<p>\ud83d\udd16Incluye:<\/p>\n<p>-Insumos<\/p>\n<p>-Cada alumno realiza sus productos aproximadamente<\/p>\n<p>-Guia de t\u00e9cnicas y recetas *PDF*<\/p>\n<p>-Delantal y cofia<\/p>\n<p>-Certificado de participaci\u00f3n<\/p>\n<p>-Al finalizar el alumno se lleva productos a casa<\/p>\n<p>&#8211; Acceso a la comunidad exclusiva de WhatsApp<\/p>\n<p>&nbsp;<\/p>\n<p>\ud83d\udc4b\ud83c\udffcModalidad: Presencial 100% Pr\u00e1ctico<\/p>\n","protected":false},"excerpt":{"rendered":"<p>Proyecto en torta de dos pisos<\/p>\n<p>Domina el arte del fondant desde cero en este curso, donde aprender\u00e1s a elaborarlo, manipularlo y aplicarlo correctamente sobre tortas. Adem\u00e1s, explorar\u00e1s t\u00e9cnicas de modelado para crear figuras y detalles decorativos, logrando acabados limpios, elegantes y de nivel profesional en cada creaci\u00f3n.<\/p>\n","protected":false},"featured_media":17208,"template":"","meta":[],"product_brand":[],"product_cat":[15],"product_tag":[],"class_list":{"0":"post-17440","1":"product","2":"type-product","3":"status-publish","4":"has-post-thumbnail","6":"product_cat-uncategorized","8":"first","9":"instock","10":"shipping-taxable","11":"purchasable","12":"product-type-simple"},"_links":{"self":[{"href":"https:\/\/coyacademia.com\/cursos\/wp-json\/wp\/v2\/product\/17440","targetHints":{"allow":["GET"]}}],"collection":[{"href":"https:\/\/coyacademia.com\/cursos\/wp-json\/wp\/v2\/product"}],"about":[{"href":"https:\/\/coyacademia.com\/cursos\/wp-json\/wp\/v2\/types\/product"}],"version-history":[{"count":2,"href":"https:\/\/coyacademia.com\/cursos\/wp-json\/wp\/v2\/product\/17440\/revisions"}],"predecessor-version":[{"id":17472,"href":"https:\/\/coyacademia.com\/cursos\/wp-json\/wp\/v2\/product\/17440\/revisions\/17472"}],"wp:featuredmedia":[{"embeddable":true,"href":"https:\/\/coyacademia.com\/cursos\/wp-json\/wp\/v2\/media\/17208"}],"wp:attachment":[{"href":"https:\/\/coyacademia.com\/cursos\/wp-json\/wp\/v2\/media?parent=17440"}],"wp:term":[{"taxonomy":"product_brand","embeddable":true,"href":"https:\/\/coyacademia.com\/cursos\/wp-json\/wp\/v2\/product_brand?post=17440"},{"taxonomy":"product_cat","embeddable":true,"href":"https:\/\/coyacademia.com\/cursos\/wp-json\/wp\/v2\/product_cat?post=17440"},{"taxonomy":"product_tag","embeddable":true,"href":"https:\/\/coyacademia.com\/cursos\/wp-json\/wp\/v2\/product_tag?post=17440"}],"curies":[{"name":"wp","href":"https:\/\/api.w.org\/{rel}","templated":true}]}}