{"id":17434,"date":"2026-04-27T21:59:49","date_gmt":"2026-04-27T21:59:49","guid":{"rendered":"https:\/\/coyacademia.com\/cursos\/?post_type=product&#038;p=17434"},"modified":"2026-04-27T23:13:21","modified_gmt":"2026-04-27T23:13:21","slug":"pasteleria-saludable","status":"publish","type":"product","link":"https:\/\/coyacademia.com\/cursos\/product\/pasteleria-saludable\/","title":{"rendered":"PASTELER\u00cdA SALUDABLE"},"content":{"rendered":"<p><strong>Contenido:<\/strong><\/p>\n<p><strong>DIA 1: Tortas<\/strong><\/p>\n<ul>\n<li>Sustitutos<\/li>\n<li>Elaboraci\u00f3n de masas:<\/li>\n<\/ul>\n<p>-Limon y coco<\/p>\n<p>-chocolate<\/p>\n<p>-Manzana<\/p>\n<ul>\n<li>Decoraci\u00f3n y acabados<\/li>\n<\/ul>\n<p>&nbsp;<\/p>\n<p><strong>DIA 2: Panes <\/strong><\/p>\n<ul>\n<li>Mezclas y balanceo de harinas sin gluten<\/li>\n<li>Pan de ajonjol\u00ed y chocolate<\/li>\n<li>Pan de queso<\/li>\n<li>Pan de nueces y ar\u00e1ndanos<\/li>\n<li>Pan de avena y miel (demostrativo)<\/li>\n<\/ul>\n<p>&nbsp;<\/p>\n<p><strong>DIA 3: Galletas tipo new York <\/strong><\/p>\n<ul>\n<li>Red velvet<\/li>\n<li>Chocolate<\/li>\n<li>Almendra<\/li>\n<li>Avena<\/li>\n<li>Horneado perfecto<\/li>\n<\/ul>\n<p>&nbsp;<\/p>\n<p><strong>DIA 4: Postres<\/strong><\/p>\n<ul>\n<li>tiramis\u00fa<\/li>\n<li>Cheesecake horneado<\/li>\n<li>Verrines de yogurt<\/li>\n<li>Mousse de maracuy\u00e1<\/li>\n<\/ul>\n<p>&nbsp;<\/p>\n<p>&nbsp;<\/p>\n<p>\ud83d\udd16Incluye:<\/p>\n<p>-Insumos<\/p>\n<p>-Cada alumno realiza sus productos aproximadamente<\/p>\n<p>-Guia de t\u00e9cnicas y recetas *PDF*<\/p>\n<p>-Delantal y cofia<\/p>\n<p>-Certificado de participaci\u00f3n<\/p>\n<p>-Al finalizar el alumno se lleva productos a casa<\/p>\n<p>&nbsp;<\/p>\n<p>&#8211; Acceso a la comunidad exclusiva de WhatsApp<\/p>\n<p>&nbsp;<\/p>\n<p>\ud83d\udc4b\ud83c\udffc Modalidad: Presencial 100% Pr\u00e1ctico<\/p>\n","protected":false},"excerpt":{"rendered":"<p>Descubre una nueva forma de hacer pasteler\u00eda en este curso de pasteler\u00eda saludable, dise\u00f1ado para transformar recetas tradicionales en opciones equilibradas sin perder sabor ni t\u00e9cnica. A trav\u00e9s de 4 m\u00f3dulos, aprender\u00e1s a trabajar con ingredientes alternativos, reducir az\u00facares, optimizar grasas y crear postres que combinan bienestar, est\u00e9tica y calidad profesional. Un programa completo para innovar y conectar con las tendencias actuales de consumo consciente.<\/p>\n<p>&nbsp;<\/p>\n","protected":false},"featured_media":17256,"template":"","meta":[],"product_brand":[],"product_cat":[103,104],"product_tag":[],"class_list":{"0":"post-17434","1":"product","2":"type-product","3":"status-publish","4":"has-post-thumbnail","6":"product_cat-cursos-de-pasteleria","7":"product_cat-intensivos-avanzados","9":"first","10":"instock","11":"shipping-taxable","12":"purchasable","13":"product-type-simple"},"_links":{"self":[{"href":"https:\/\/coyacademia.com\/cursos\/wp-json\/wp\/v2\/product\/17434","targetHints":{"allow":["GET"]}}],"collection":[{"href":"https:\/\/coyacademia.com\/cursos\/wp-json\/wp\/v2\/product"}],"about":[{"href":"https:\/\/coyacademia.com\/cursos\/wp-json\/wp\/v2\/types\/product"}],"version-history":[{"count":2,"href":"https:\/\/coyacademia.com\/cursos\/wp-json\/wp\/v2\/product\/17434\/revisions"}],"predecessor-version":[{"id":17469,"href":"https:\/\/coyacademia.com\/cursos\/wp-json\/wp\/v2\/product\/17434\/revisions\/17469"}],"wp:featuredmedia":[{"embeddable":true,"href":"https:\/\/coyacademia.com\/cursos\/wp-json\/wp\/v2\/media\/17256"}],"wp:attachment":[{"href":"https:\/\/coyacademia.com\/cursos\/wp-json\/wp\/v2\/media?parent=17434"}],"wp:term":[{"taxonomy":"product_brand","embeddable":true,"href":"https:\/\/coyacademia.com\/cursos\/wp-json\/wp\/v2\/product_brand?post=17434"},{"taxonomy":"product_cat","embeddable":true,"href":"https:\/\/coyacademia.com\/cursos\/wp-json\/wp\/v2\/product_cat?post=17434"},{"taxonomy":"product_tag","embeddable":true,"href":"https:\/\/coyacademia.com\/cursos\/wp-json\/wp\/v2\/product_tag?post=17434"}],"curies":[{"name":"wp","href":"https:\/\/api.w.org\/{rel}","templated":true}]}}