{"id":17409,"date":"2026-04-27T21:20:39","date_gmt":"2026-04-27T21:20:39","guid":{"rendered":"https:\/\/coyacademia.com\/cursos\/?post_type=product&#038;p=17409"},"modified":"2026-05-05T21:54:44","modified_gmt":"2026-05-05T21:54:44","slug":"intensivo-de-pasteleria-y-panaderia","status":"publish","type":"product","link":"https:\/\/coyacademia.com\/cursos\/product\/intensivo-de-pasteleria-y-panaderia\/","title":{"rendered":"INTENSIVO DE PASTELER\u00cdA Y PANADER\u00cdA"},"content":{"rendered":"<p>&nbsp;<\/p>\n<p>\ud83d\udd16Incluye:<\/p>\n<p>-Insumos<\/p>\n<p>-Cada alumno realiza sus productos aproximadamente<\/p>\n<p>-Guia de t\u00e9cnicas y recetas *PDF*<\/p>\n<p>-Delantal y cofia<\/p>\n<p>-Certificado de participaci\u00f3n<\/p>\n<p>-Al finalizar el alumno se lleva productos a casa<\/p>\n<p>&#8211; Acceso a la comunidad exclusiva de WhatsApp<\/p>\n<p>&nbsp;<\/p>\n<p>SEMANA 1<\/p>\n<ul>\n<li>Tema 1: postres de vitrina\/ mostrador<\/li>\n<li>Tema 2: tortas<\/li>\n<li>Tema 3: tartaletas y pays<\/li>\n<li>Tema 4: pasta choux<\/li>\n<\/ul>\n<p>&nbsp;<\/p>\n<p>SEMANA 2<\/p>\n<ul>\n<li>Tema 5: hojaldre<\/li>\n<li>Tema 6: galletas artesanales<\/li>\n<li>Tema 7: panes artesanales<\/li>\n<li>Tema 8: bombones de chocolate<\/li>\n<\/ul>\n<p>&nbsp;<\/p>\n<p><strong>Fecha: <\/strong><em>19 al 29 de mayo de 2026<\/em><\/p>\n","protected":false},"excerpt":{"rendered":"<p>Vive una experiencia formativa completa con este curso intensivo de pasteler\u00eda y panader\u00eda, dise\u00f1ado para llevarte desde las bases hasta un nivel t\u00e9cnico y creativo s\u00f3lido en solo dos semanas. A trav\u00e9s de 8 m\u00f3dulos estructurados, desarrollar\u00e1s habilidades clave en masas, fermentaciones, cremas, montajes y t\u00e9cnicas profesionales, integrando teor\u00eda y pr\u00e1ctica en un programa din\u00e1mico y exigente. Una formaci\u00f3n integral pensada para quienes buscan dominar el oficio y elevar la calidad de sus creaciones.<\/p>\n<p>&nbsp;<\/p>\n","protected":false},"featured_media":17621,"template":"","meta":[],"product_brand":[],"product_cat":[103,104,15],"product_tag":[],"class_list":{"0":"post-17409","1":"product","2":"type-product","3":"status-publish","4":"has-post-thumbnail","6":"product_cat-cursos-de-pasteleria","7":"product_cat-intensivos-avanzados","8":"product_cat-uncategorized","10":"first","11":"instock","12":"shipping-taxable","13":"purchasable","14":"product-type-simple"},"_links":{"self":[{"href":"https:\/\/coyacademia.com\/cursos\/wp-json\/wp\/v2\/product\/17409","targetHints":{"allow":["GET"]}}],"collection":[{"href":"https:\/\/coyacademia.com\/cursos\/wp-json\/wp\/v2\/product"}],"about":[{"href":"https:\/\/coyacademia.com\/cursos\/wp-json\/wp\/v2\/types\/product"}],"version-history":[{"count":6,"href":"https:\/\/coyacademia.com\/cursos\/wp-json\/wp\/v2\/product\/17409\/revisions"}],"predecessor-version":[{"id":17617,"href":"https:\/\/coyacademia.com\/cursos\/wp-json\/wp\/v2\/product\/17409\/revisions\/17617"}],"wp:featuredmedia":[{"embeddable":true,"href":"https:\/\/coyacademia.com\/cursos\/wp-json\/wp\/v2\/media\/17621"}],"wp:attachment":[{"href":"https:\/\/coyacademia.com\/cursos\/wp-json\/wp\/v2\/media?parent=17409"}],"wp:term":[{"taxonomy":"product_brand","embeddable":true,"href":"https:\/\/coyacademia.com\/cursos\/wp-json\/wp\/v2\/product_brand?post=17409"},{"taxonomy":"product_cat","embeddable":true,"href":"https:\/\/coyacademia.com\/cursos\/wp-json\/wp\/v2\/product_cat?post=17409"},{"taxonomy":"product_tag","embeddable":true,"href":"https:\/\/coyacademia.com\/cursos\/wp-json\/wp\/v2\/product_tag?post=17409"}],"curies":[{"name":"wp","href":"https:\/\/api.w.org\/{rel}","templated":true}]}}